{"id":410,"date":"2025-10-21T00:51:39","date_gmt":"2025-10-20T22:51:39","guid":{"rendered":"https:\/\/cargonetgroup.com\/?page_id=410"},"modified":"2026-03-12T19:23:45","modified_gmt":"2026-03-12T18:23:45","slug":"novedades","status":"publish","type":"page","link":"https:\/\/cargonetgroup.com\/pt\/novedades\/","title":{"rendered":"Novidades"},"content":{"rendered":"<p>[et_pb_section fb_built=\u00bb1&#8243; custom_padding_last_edited=\u00bbon|phone\u00bb _builder_version=\u00bb4.27.5&#8243; _module_preset=\u00bbdefault\u00bb background_image=\u00bbhttps:\/\/cargonetgroup.com\/wp-content\/uploads\/2025\/10\/back-section-blog.jpg\u00bb background_position=\u00bbbottom_center\u00bb custom_margin=\u00bb||0px||false|false\u00bb custom_padding=\u00bb75px||0px||false|false\u00bb custom_padding_tablet=\u00bb37vh||||false|false\u00bb custom_padding_phone=\u00bb80px||40px||false|false\u00bb background_color_phone=\u00bb#004376&#8243; background_last_edited=\u00bboff|desktop\u00bb background_enable_color_phone=\u00bbon\u00bb use_background_color_gradient_phone=\u00bbon\u00bb background_color_gradient_stops_phone=\u00bbrgba(0,67,118,0) 54%|#004376 100%\u00bb background_size_phone=\u00bbcontain\u00bb background_image_width_phone=\u00bb130%\u00bb background_position_phone=\u00bbtop_center\u00bb locked=\u00bboff\u00bb global_colors_info=\u00bb{}\u00bb][et_pb_row use_custom_gutter=\u00bbon\u00bb gutter_width=\u00bb2&#8243; make_equal=\u00bbon\u00bb custom_padding_last_edited=\u00bbon|phone\u00bb _builder_version=\u00bb4.27.5&#8243; _module_preset=\u00bbdefault\u00bb background_image=\u00bbhttps:\/\/cargonetgroup.com\/wp-content\/uploads\/2025\/10\/back-row-blog.png\u00bb background_size=\u00bbcontain\u00bb background_position=\u00bbcenter_right\u00bb width=\u00bb100%\u00bb max_width=\u00bb1728px\u00bb module_alignment=\u00bbcenter\u00bb custom_margin_tablet=\u00bb\u00bb custom_margin_phone=\u00bb5px||0px||false|false\u00bb custom_margin_last_edited=\u00bbon|phone\u00bb custom_padding=\u00bb65px|5%|65px|5%|false|true\u00bb custom_padding_tablet=\u00bb65px|5%|65px|5%|false|true\u00bb custom_padding_phone=\u00bb25px|5%|0px|5%|false|true\u00bb background_last_edited=\u00bbon|phone\u00bb background_image_phone=\u00bbhttps:\/\/cargonetgroup.com\/wp-content\/uploads\/2025\/10\/back-02.png\u00bb background_enable_image_phone=\u00bbon\u00bb background_size_phone=\u00bbcustom\u00bb background_image_width_phone=\u00bb250%\u00bb background_position_phone=\u00bbtop_left\u00bb border_color_bottom=\u00bbRGBA(255,255,255,0)\u00bb global_colors_info=\u00bb{}\u00bb][et_pb_column type=\u00bb4_4&#8243; _builder_version=\u00bb4.27.4&#8243; _module_preset=\u00bbdefault\u00bb global_colors_info=\u00bb{}\u00bb][et_pb_text _builder_version=\u00bb4.27.4&#8243; _module_preset=\u00bbdefault\u00bb text_font=\u00bbArchivo|500||on|||||\u00bb text_text_color=\u00bbrgba(255,255,255,0.3)\u00bb text_font_size=\u00bb13px\u00bb text_line_height=\u00bb1.4em\u00bb background_layout=\u00bbdark\u00bb animation_style=\u00bbslide\u00bb animation_direction=\u00bbtop\u00bb animation_intensity_slide=\u00bb10%\u00bb animation_speed_curve=\u00bbease-out\u00bb global_colors_info=\u00bb{}\u00bb]<\/p>\n<p>Novidades<\/p>\n<p>[\/et_pb_text][et_pb_text _builder_version=\u00bb4.27.4&#8243; _module_preset=\u00bbdefault\u00bb text_font=\u00bbArchivo Semi Expanded Medium|||on|||||\u00bb text_text_color=\u00bb#FFFFFF\u00bb text_font_size=\u00bb52px\u00bb text_line_height=\u00bb1.2em\u00bb header_font=\u00bbArchivo Semi Expanded Medium|||on|||||\u00bb header_text_color=\u00bb#F7F7F7&#8243; header_font_size=\u00bb44px\u00bb header_line_height=\u00bb1.2em\u00bb width=\u00bb100%\u00bb width_tablet=\u00bb75%\u00bb width_phone=\u00bb100%\u00bb width_last_edited=\u00bbon|phone\u00bb max_width=\u00bb960px\u00bb max_width_tablet=\u00bb960px\u00bb max_width_phone=\u00bb100%\u00bb max_width_last_edited=\u00bbon|phone\u00bb custom_margin=\u00bb25px||||false|false\u00bb custom_padding_tablet=\u00bb\u00bb custom_padding_phone=\u00bb||0px||false|false\u00bb custom_padding_last_edited=\u00bbon|phone\u00bb animation_style=\u00bbslide\u00bb animation_direction=\u00bbtop\u00bb animation_delay=\u00bb100ms\u00bb animation_intensity_slide=\u00bb2%\u00bb animation_speed_curve=\u00bbease-out\u00bb header_font_size_tablet=\u00bb44px\u00bb header_font_size_phone=\u00bb24px\u00bb header_font_size_last_edited=\u00bbon|phone\u00bb global_colors_info=\u00bb{}\u00bb]<\/p>\n<h1>EXPERI\u00caNCIA QUE TE GUIA ESTRAT\u00c9GIA QUE TE IMPULSIONA<\/h1>\n<p>[\/et_pb_text][\/et_pb_column][\/et_pb_row][\/et_pb_section][et_pb_section fb_built=\u00bb1&#8243; custom_padding_last_edited=\u00bbon|phone\u00bb _builder_version=\u00bb4.27.4&#8243; _module_preset=\u00bbdefault\u00bb background_image=\u00bbhttps:\/\/cargonetgroup.com\/wp-content\/uploads\/2025\/10\/back-blog.png\u00bb background_size=\u00bbcustom\u00bb background_image_width=\u00bb100%\u00bb background_position=\u00bbbottom_left\u00bb custom_padding=\u00bb||80px||false|false\u00bb custom_padding_tablet=\u00bb||80px||false|false\u00bb custom_padding_phone=\u00bb15px||40px||false|false\u00bb global_colors_info=\u00bb{}\u00bb][et_pb_row use_custom_gutter=\u00bbon\u00bb gutter_width=\u00bb1&#8243; make_equal=\u00bbon\u00bb _builder_version=\u00bb4.27.4&#8243; _module_preset=\u00bbdefault\u00bb width=\u00bb90%\u00bb max_width=\u00bb1728px\u00bb module_alignment=\u00bbcenter\u00bb global_colors_info=\u00bb{}\u00bb][et_pb_column type=\u00bb4_4&#8243; _builder_version=\u00bb4.27.4&#8243; _module_preset=\u00bbdefault\u00bb global_colors_info=\u00bb{}\u00bb][et_pb_text _builder_version=\u00bb4.27.5&#8243; _module_preset=\u00bbdefault\u00bb text_font=\u00bbArchivo Semi Expanded Medium|||on|||||\u00bb text_text_color=\u00bb#112A43&#8243; text_font_size=\u00bb17px\u00bb header_2_font=\u00bbArchivo Semi Expanded Medium||||||||\u00bb header_2_text_color=\u00bb#FFFFFF\u00bb header_2_font_size=\u00bb17px\u00bb header_2_line_height=\u00bb1.2em\u00bb text_orientation=\u00bbcenter\u00bb custom_margin=\u00bb||0px||false|false\u00bb custom_margin_tablet=\u00bb\u00bb custom_margin_phone=\u00bb||10px||false|false\u00bb custom_margin_last_edited=\u00bbon|phone\u00bb custom_padding=\u00bb||0px||false|false\u00bb custom_padding_tablet=\u00bb\u00bb custom_padding_phone=\u00bb||0px||false|false\u00bb custom_padding_last_edited=\u00bbon|phone\u00bb text_orientation_tablet=\u00bb\u00bb text_orientation_phone=\u00bbcenter\u00bb text_orientation_last_edited=\u00bbon|phone\u00bb locked=\u00bboff\u00bb global_colors_info=\u00bb{}\u00bb text_text_color__hover_enabled=\u00bboff|desktop\u00bb text_text_color__hover=\u00bb#FFFFFF\u00bb]<\/p>\n<p>Art\u00edculos<\/p>\n<p>[\/et_pb_text][dipi_blog_slider excerpt_length=\u00bb130&#8243; show_more=\u00bbon\u00bb show_more_text=\u00bbVer m\u00e1s\u00bb show_author=\u00bboff\u00bb show_date=\u00bboff\u00bb show_categories=\u00bboff\u00bb columns=\u00bb3&#8243; container_padding=\u00bb50px|0px|0px|0px|false|true\u00bb item_padding=\u00bb|0px|0px|0px|false|true\u00bb speed=\u00bb2000&#8243; autoplay=\u00bbon\u00bb pause_on_hover=\u00bboff\u00bb autoplay_speed=\u00bb3000&#8243; navigation=\u00bbon\u00bb navigation_on_hover=\u00bbon\u00bb dynamic_bullets=\u00bboff\u00bb centered=\u00bbon\u00bb navigation_prev_icon_yn=\u00bbon\u00bb navigation_prev_icon=\u00bb&#x34;||divi||400&#8243; navigation_next_icon_yn=\u00bbon\u00bb navigation_next_icon=\u00bb&#x35;||divi||400&#8243; navigation_size=\u00bb30&#8243; navigation_padding=\u00bb20&#8243; navigation_color=\u00bbrgba(0,56,101,0.4)\u00bb navigation_bg_color=\u00bbRGBA(255,255,255,0)\u00bb item_bg_color=\u00bbRGBA(255,255,255,0)\u00bb overlay_bg_color=\u00bbRGBA(255,255,255,0)\u00bb columns_tablet=\u00bb3&#8243; columns_phone=\u00bb1&#8243; columns_last_edited=\u00bbon|phone\u00bb container_padding_tablet=\u00bb50px|0px|0px|0px|false|true\u00bb container_padding_phone=\u00bb30px|0px|0px|0px|false|true\u00bb container_padding_last_edited=\u00bbon|phone\u00bb _builder_version=\u00bb4.27.5&#8243; _module_preset=\u00bbdefault\u00bb header_font=\u00bbArchivo Semi Expanded Medium||||||||\u00bb header_text_color=\u00bb#003865&#8243; header_font_size=\u00bb17px\u00bb header_line_height=\u00bb1.3em\u00bb body_font=\u00bbArchivo Semi Expanded Regular||||||||\u00bb body_text_color=\u00bb#003865&#8243; body_font_size=\u00bb14px\u00bb body_line_height=\u00bb1.4em\u00bb custom_button=\u00bbon\u00bb button_text_size=\u00bb13px\u00bb button_text_color=\u00bb#FFFFFF\u00bb button_bg_color=\u00bb#112A43&#8243; button_border_width=\u00bb0px\u00bb button_border_color=\u00bbRGBA(255,255,255,0)\u00bb button_border_radius=\u00bb0px\u00bb button_font=\u00bbArchivo|500|||||||\u00bb button_icon=\u00bb&#x35;||divi||400&#8243; button_icon_color=\u00bb#F7F7F7&#8243; button_on_hover=\u00bboff\u00bb button_alignment=\u00bbleft\u00bb button_custom_margin=\u00bb25px|0px|0px|0px|false|true\u00bb button_custom_padding=\u00bb12px|33px|12px|24px|true|false\u00bb module_alignment=\u00bbcenter\u00bb custom_margin=\u00bb0px|0px|0px|0px|false|true\u00bb custom_padding=\u00bb0px|0px|0px|0px|false|true\u00bb custom_css_post_content=\u00bbpadding: 0px !important;\u00bb custom_css_title=\u00bbmargin-top: 25px !important;\u00bb custom_css_post_read_mopre=\u00bbpadding: 0px !important;\u00bb border_radii_image=\u00bbon|12px|12px|12px|12px\u00bb locked=\u00bboff\u00bb global_colors_info=\u00bb{}\u00bb navigation_color__hover_enabled=\u00bbon|hover\u00bb navigation_color__hover=\u00bb#003865&#8243; navigation_bg_color__hover_enabled=\u00bbon|desktop\u00bb navigation_bg_color__hover=\u00bbrgba(0,56,101,0.04)\u00bb button_bg_color__hover_enabled=\u00bbon|desktop\u00bb button_bg_color__hover=\u00bb#0077CC\u00bb button_bg_enable_color__hover=\u00bbon\u00bb][\/dipi_blog_slider][\/et_pb_column][\/et_pb_row][et_pb_row use_custom_gutter=\u00bbon\u00bb gutter_width=\u00bb1&#8243; make_equal=\u00bbon\u00bb _builder_version=\u00bb4.27.5&#8243; _module_preset=\u00bbdefault\u00bb width=\u00bb90%\u00bb max_width=\u00bb1728px\u00bb module_alignment=\u00bbcenter\u00bb custom_margin=\u00bb30px||||false|false\u00bb custom_margin_tablet=\u00bb30px||||false|false\u00bb custom_margin_phone=\u00bb20px||||false|false\u00bb custom_margin_last_edited=\u00bbon|phone\u00bb global_colors_info=\u00bb{}\u00bb][et_pb_column type=\u00bb4_4&#8243; _builder_version=\u00bb4.27.4&#8243; _module_preset=\u00bbdefault\u00bb global_colors_info=\u00bb{}\u00bb][et_pb_text _builder_version=\u00bb4.27.5&#8243; _module_preset=\u00bbdefault\u00bb text_font=\u00bbArchivo Semi Expanded Medium|||on|||||\u00bb text_text_color=\u00bb#112A43&#8243; text_font_size=\u00bb17px\u00bb header_2_font=\u00bbArchivo Semi Expanded Medium||||||||\u00bb header_2_text_color=\u00bb#FFFFFF\u00bb header_2_font_size=\u00bb17px\u00bb header_2_line_height=\u00bb1.2em\u00bb text_orientation=\u00bbcenter\u00bb custom_margin=\u00bb||0px||false|false\u00bb custom_margin_tablet=\u00bb\u00bb custom_margin_phone=\u00bb||10px||false|false\u00bb custom_margin_last_edited=\u00bbon|phone\u00bb custom_padding=\u00bb||0px||false|false\u00bb custom_padding_tablet=\u00bb\u00bb custom_padding_phone=\u00bb||0px||false|false\u00bb custom_padding_last_edited=\u00bbon|phone\u00bb text_orientation_tablet=\u00bb\u00bb text_orientation_phone=\u00bbcenter\u00bb text_orientation_last_edited=\u00bbon|phone\u00bb locked=\u00bboff\u00bb global_colors_info=\u00bb{}\u00bb text_text_color__hover_enabled=\u00bboff|desktop\u00bb text_text_color__hover=\u00bb#FFFFFF\u00bb]<\/p>\n<p>LinkedIn<\/p>\n<p>[\/et_pb_text][et_pb_code _builder_version=\u00bb4.27.5&#8243; _module_preset=\u00bbdefault\u00bb custom_margin=\u00bb50px||||false|false\u00bb custom_margin_tablet=\u00bb50px||||false|false\u00bb custom_margin_phone=\u00bb40px||||false|false\u00bb custom_margin_last_edited=\u00bbon|phone\u00bb global_colors_info=\u00bb{}\u00bb]<script src=\"https:\/\/elfsightcdn.com\/platform.js\" async><\/script><!-- [et_pb_line_break_holder] --><\/p>\n<div class=\"elfsight-app-573f92c0-5706-476d-9578-a294ff46cd68\" data-elfsight-app-lazy><\/div>\n<p>[\/et_pb_code][\/et_pb_column][\/et_pb_row][\/et_pb_section]<\/p>","protected":false},"excerpt":{"rendered":"<p>NovedadesEXPERIENCIA QUE TE GU\u00cdA ESTRATEGIA QUE TE IMPULSAArt\u00edculos<div class=\"et_pb_module dipi_blog_slider dipi_blog_slider_0\">\n\t\t\t\t\n\t\t\t\t\n\t\t\t\t\n\t\t\t\t\n\t\t\t\t\n\t\t\t\t\n\t\t\t\t<div class=\"et_pb_module_inner\">\n\t\t\t\t\t\n\t\t    <div class=\"dipi-blog-slider-main preloading\" \n\t\t    data-columnsphone=\"\u00bb1&#8243;\"\n\t\t    data-columnstablet=\"\u00bb3&#8243;\"\n\t\t    data-columnsdesktop=\"\u00bb3&#8243;\"\n\t\t    data-spacebetween=\"50\"\n\t\t    data-loop=\"off\"\n\t\t    data-speed=\"\u00bb2000&#8243;\"\n\t\t    data-navigation=\"\u00bbon\u00bb\"\n\t\t    data-pagination=\"off\"\n\t\t    data-autoplay=\"\u00bbon\u00bb\"\n\t\t    data-autoplayspeed=\"\u00bb3000&#8243;\"\n\t\t    data-pauseonhover=\"\u00bboff\u00bb\"\n\t\t    data-effect=\"slide\"\n\t\t    data-rotate=\"50\"\n\t\t    data-dynamicbullets=\"\u00bboff\u00bb\"\n\t\t    data-ordernumber=\"0\"\n\t\t    data-centered=\"\u00bbon\u00bb\"\n\t\t    data-spacebetween_tablet=\"50\"\n\t\t    data-spacebetween_phone=\"50\"\n\t\t    data-shadow=\"true\">\n\t\t        <div class=\"swiper-container\">\n\t\t            <div class=\"dipi-blog-slider-wrapper\">\n\t\t                <div class=\"dipi-blog-post clearfix category-sin-categoria\">\n<div class=\"dipi-entry-featured-image-url dipi-none\">\n\n\t\t<a    \n        class=\"dipi-blog-post-overlay-link\"\n        href=\"https:\/\/cargonetgroup.com\/pt\/norma-iso-37001-politica-antisobornos\/\"\n        target=\"\"\n        aria-label=\"Norma Iso 37001 &#8211; Politica Antisobornos\"\n    ><\/a>\n\t\n    <div class=\"dipi-blog-post-overlay\">\n            <\/div>\n\n    <img\n                decoding=\"async\"\n                loading=\"lazy\"\n                class=\"wp-post-image\"\n                src=\"https:\/\/cargonetgroup.com\/wp-content\/uploads\/2025\/12\/Sin-titulo-1.jpg\"\n                alt=\"\"\n                srcset=\"https:\/\/cargonetgroup.com\/wp-content\/uploads\/2025\/12\/Sin-titulo-1.jpg 768w, https:\/\/cargonetgroup.com\/wp-content\/uploads\/2025\/12\/Sin-titulo-1.jpg 980w, https:\/\/cargonetgroup.com\/wp-content\/uploads\/2025\/12\/Sin-titulo-1.jpg 1024w\"\n                sizes=\"(max-width: 768px) 768px, (max-width: 980px) 980px, 1024px\"\n            \/>\n            \n<\/div><div class=\"dipi-post-content\">\n    <h2 class=\"dipi-entry-title\">\n        <a href=\"https:\/\/cargonetgroup.com\/pt\/norma-iso-37001-politica-antisobornos\/\" \n        target=\"\"\n        aria-label=\"Norma Iso 37001 &#8211; Politica Antisobornos\"\n    >\n            Norma Iso 37001 &#8211; Politica Antisobornos        <\/a>\n    <\/h2>    <div class=\"dipi-post-text\">\nLa Direcci\u00f3n de CARGO NET LOGISTIC S.A. establece una pol\u00edtica antisoborno clara: CARGO NET LOGISTIC S.A proh\u00edbe estrictamente el soborno y la corrupci\u00f3n de todo tipo relacionados con la actividad profesional de la empresa.\n\n\n\nEsta pol\u00edtica aplica a todos los directores, Empleados, contratistas y terceros que act\u00faen en representaci\u00f3n de CARGO NET LOGISTIC S.A\n\n\n\nCARGO NET LOGISTIC S.A se encuentra comprometida con el cumplimiento de los requisitos y la mejora continua del Sistema de Gesti\u00f3n Antisoborno, proporcionando al personal peri\u00f3dicamente formaci\u00f3n antisoborno\n\n\n\nCARGO NET LOGISTIC S.A se compromete a cumplir con todas las leyes anticorrupci\u00f3n que le resulten aplicables en las jurisdicciones en donde opera, incluida la Ley Estadounidense de Pr\u00e1cticas Corruptas en el Extranjero (U.S. Foreign Corrupt Practices Act, \u201cFCPA\u201d), la ley 12.846\/2013 Anticorrupci\u00f3n en Brasil, la Convenci\u00f3n para Combatir el Cohecho de Servidores P\u00fablicos Extranjeros en Transacciones Comerciales Internacionales de CARGO NET LOGISTIC S.A. para la Cooperaci\u00f3n y el Desarrollo Econ\u00f3micos (\u201cOCDE\u201d), el C\u00f3digo Penal Argentino y la Ley N\u00b0 27.401 de Responsabilidad Penal Empresarial\n\n\n\nEn CARGO NET LOGISTIC S.A la funci\u00f3n de cumplimiento, a quien pueden contactar a trav\u00e9s del mail cumplimiento@cargonetgroup.com, tiene autoridad e independencia para supervisar el dise\u00f1o e implementaci\u00f3n del SGAS, asesorar y orientar al personal sobre el SGAS y las cuestiones relacionadas al soborno e informar sobre el desempe\u00f1o del SGAS a la DIRECCI\u00d3N.\n\n\n\nLos empleados pueden informar sin temor a represalias cualquier instancia en la que sospechen de buena fe o sobre la base de una creencia razonable que alguien que act\u00faa para o en representaci\u00f3n de CARGO NET LOGISTIC S.A puede estar comprometido con una conducta que viola esta pol\u00edtica.&nbsp; Este informe debe ser enviado a FUNCI\u00d3N DE CUMPLIMIENTO, o a su superior directo.&nbsp; Los empleados que deseen permanecer en el anonimato pueden informar violaciones a trav\u00e9s de la L\u00ednea de denuncia de cumplimiento +(54) 9 11-5638-4944\n\n\n\nCARGO NET LOGISTIC S.A considera cualquier violaci\u00f3n a la ley anticorrupci\u00f3n aplicable o a esta Pol\u00edtica una cuesti\u00f3n verdaderamente seria. Si existen motivos razonables que demuestren una conducta deliberada o alevosamente negligente, puede procederse al despido del empleado. No obstante, se asegurar\u00e1 de que las violaciones se investiguen de forma objetiva y de que el personal implicado tenga derecho a explicar su proceder. La relaci\u00f3n comercial con personas que no sean empleados de CARGO NET LOGISTIC S.A que violen la presente Pol\u00edtica se dar\u00e1 por terminada.\n\n\n\nLA DIRECCI\u00d3N\n\n\n\n\n\nISO 37001_RINA Certificate.pdf 2027-1\n\n\nDescarga\n\n\n\n\n\n\n\nDescargar c\u00f3digo de \u00e9tica\n\n\nDescarga\n\n\n\n\n\n\n\nDescargar Pol\u00edtica Antisoborno\n\n\nDescarga\n\n\n\n\n\n\n\nDescargar Procedimiento Regalos\n\n\nDescarga\n\n\n\n\n\n\n\nISO 37001_IQNet Certificate\n\n\nDescarga<\/div>\n    <\/div><!-- dipi-post-content --><\/div><!-- dipi-blog-post -->\n\n\t\t            <\/div>\n\t\t        <\/div>\n\t\t        \n\t\t        <div class=\"swiper-container-horizontal\">\n\t\t            \n\t\t        <\/div>\n\t\t    <\/div>\n\t\t\t\t<\/div>\n\t\t\t<\/div><\/p>","protected":false},"author":1,"featured_media":0,"parent":0,"menu_order":0,"comment_status":"closed","ping_status":"closed","template":"","meta":{"_et_pb_use_builder":"on","_et_pb_old_content":"<!-- wp:divi\/placeholder \/-->","_et_gb_content_width":"","footnotes":""},"dipi_cpt_category":[],"class_list":["post-410","page","type-page","status-publish","hentry"],"yoast_head":"<!-- This site is optimized with the Yoast SEO plugin v26.6 - https:\/\/yoast.com\/wordpress\/plugins\/seo\/ -->\n<title>Novedades - CargoNet Group<\/title>\n<meta name=\"robots\" content=\"index, follow, max-snippet:-1, max-image-preview:large, max-video-preview:-1\" \/>\n<link rel=\"canonical\" href=\"https:\/\/cargonetgroup.com\/pt\/novedades\/\" \/>\n<meta property=\"og:locale\" content=\"pt_BR\" \/>\n<meta property=\"og:type\" content=\"article\" \/>\n<meta property=\"og:title\" content=\"Novedades - CargoNet Group\" \/>\n<meta property=\"og:description\" content=\"NovedadesEXPERIENCIA QUE TE GU\u00cdA ESTRATEGIA QUE TE IMPULSAArt\u00edculos\" \/>\n<meta property=\"og:url\" content=\"https:\/\/cargonetgroup.com\/pt\/novedades\/\" \/>\n<meta property=\"og:site_name\" content=\"CargoNet Group\" \/>\n<meta property=\"article:publisher\" content=\"https:\/\/www.facebook.com\/cargonetgroup\/\" \/>\n<meta property=\"article:modified_time\" content=\"2026-03-12T18:23:45+00:00\" \/>\n<meta name=\"twitter:card\" content=\"summary_large_image\" \/>\n<meta name=\"twitter:label1\" content=\"Est. tempo de leitura\" \/>\n\t<meta name=\"twitter:data1\" content=\"6 minutos\" \/>\n<script type=\"application\/ld+json\" class=\"yoast-schema-graph\">{\"@context\":\"https:\/\/schema.org\",\"@graph\":[{\"@type\":\"WebPage\",\"@id\":\"https:\/\/cargonetgroup.com\/novedades\/\",\"url\":\"https:\/\/cargonetgroup.com\/novedades\/\",\"name\":\"Novedades - CargoNet Group\",\"isPartOf\":{\"@id\":\"https:\/\/cargonetgroup.com\/#website\"},\"datePublished\":\"2025-10-20T22:51:39+00:00\",\"dateModified\":\"2026-03-12T18:23:45+00:00\",\"breadcrumb\":{\"@id\":\"https:\/\/cargonetgroup.com\/novedades\/#breadcrumb\"},\"inLanguage\":\"pt-BR\",\"potentialAction\":[{\"@type\":\"ReadAction\",\"target\":[\"https:\/\/cargonetgroup.com\/novedades\/\"]}]},{\"@type\":\"BreadcrumbList\",\"@id\":\"https:\/\/cargonetgroup.com\/novedades\/#breadcrumb\",\"itemListElement\":[{\"@type\":\"ListItem\",\"position\":1,\"name\":\"Portada\",\"item\":\"https:\/\/cargonetgroup.com\/\"},{\"@type\":\"ListItem\",\"position\":2,\"name\":\"Novedades\"}]},{\"@type\":\"WebSite\",\"@id\":\"https:\/\/cargonetgroup.com\/#website\",\"url\":\"https:\/\/cargonetgroup.com\/\",\"name\":\"CargoNet Group\",\"description\":\"\",\"publisher\":{\"@id\":\"https:\/\/cargonetgroup.com\/#organization\"},\"alternateName\":\"CargoNet\",\"potentialAction\":[{\"@type\":\"SearchAction\",\"target\":{\"@type\":\"EntryPoint\",\"urlTemplate\":\"https:\/\/cargonetgroup.com\/?s={search_term_string}\"},\"query-input\":{\"@type\":\"PropertyValueSpecification\",\"valueRequired\":true,\"valueName\":\"search_term_string\"}}],\"inLanguage\":\"pt-BR\"},{\"@type\":\"Organization\",\"@id\":\"https:\/\/cargonetgroup.com\/#organization\",\"name\":\"CargoNet Group\",\"url\":\"https:\/\/cargonetgroup.com\/\",\"logo\":{\"@type\":\"ImageObject\",\"inLanguage\":\"pt-BR\",\"@id\":\"https:\/\/cargonetgroup.com\/#\/schema\/logo\/image\/\",\"url\":\"https:\/\/cargonetgroup.com\/wp-content\/uploads\/2025\/12\/CargoNet-Logo-Fondo-azul-Logo-color.jpg\",\"contentUrl\":\"https:\/\/cargonetgroup.com\/wp-content\/uploads\/2025\/12\/CargoNet-Logo-Fondo-azul-Logo-color.jpg\",\"width\":2251,\"height\":2251,\"caption\":\"CargoNet Group\"},\"image\":{\"@id\":\"https:\/\/cargonetgroup.com\/#\/schema\/logo\/image\/\"},\"sameAs\":[\"https:\/\/www.facebook.com\/cargonetgroup\/\",\"https:\/\/www.instagram.com\/cargonetgroup\/\",\"https:\/\/www.linkedin.com\/company\/cargo-net-group\/\"]}]}<\/script>\n<!-- \/ Yoast SEO plugin. -->","yoast_head_json":{"title":"Novedades - CargoNet Group","robots":{"index":"index","follow":"follow","max-snippet":"max-snippet:-1","max-image-preview":"max-image-preview:large","max-video-preview":"max-video-preview:-1"},"canonical":"https:\/\/cargonetgroup.com\/pt\/novedades\/","og_locale":"pt_BR","og_type":"article","og_title":"Novedades - CargoNet Group","og_description":"NovedadesEXPERIENCIA QUE TE GU\u00cdA ESTRATEGIA QUE TE IMPULSAArt\u00edculos","og_url":"https:\/\/cargonetgroup.com\/pt\/novedades\/","og_site_name":"CargoNet Group","article_publisher":"https:\/\/www.facebook.com\/cargonetgroup\/","article_modified_time":"2026-03-12T18:23:45+00:00","twitter_card":"summary_large_image","twitter_misc":{"Est. tempo de leitura":"6 minutos"},"schema":{"@context":"https:\/\/schema.org","@graph":[{"@type":"WebPage","@id":"https:\/\/cargonetgroup.com\/novedades\/","url":"https:\/\/cargonetgroup.com\/novedades\/","name":"Novedades - CargoNet Group","isPartOf":{"@id":"https:\/\/cargonetgroup.com\/#website"},"datePublished":"2025-10-20T22:51:39+00:00","dateModified":"2026-03-12T18:23:45+00:00","breadcrumb":{"@id":"https:\/\/cargonetgroup.com\/novedades\/#breadcrumb"},"inLanguage":"pt-BR","potentialAction":[{"@type":"ReadAction","target":["https:\/\/cargonetgroup.com\/novedades\/"]}]},{"@type":"BreadcrumbList","@id":"https:\/\/cargonetgroup.com\/novedades\/#breadcrumb","itemListElement":[{"@type":"ListItem","position":1,"name":"Portada","item":"https:\/\/cargonetgroup.com\/"},{"@type":"ListItem","position":2,"name":"Novedades"}]},{"@type":"WebSite","@id":"https:\/\/cargonetgroup.com\/#website","url":"https:\/\/cargonetgroup.com\/","name":"CargoNet Group","description":"","publisher":{"@id":"https:\/\/cargonetgroup.com\/#organization"},"alternateName":"CargoNet","potentialAction":[{"@type":"SearchAction","target":{"@type":"EntryPoint","urlTemplate":"https:\/\/cargonetgroup.com\/?s={search_term_string}"},"query-input":{"@type":"PropertyValueSpecification","valueRequired":true,"valueName":"search_term_string"}}],"inLanguage":"pt-BR"},{"@type":"Organization","@id":"https:\/\/cargonetgroup.com\/#organization","name":"CargoNet Group","url":"https:\/\/cargonetgroup.com\/","logo":{"@type":"ImageObject","inLanguage":"pt-BR","@id":"https:\/\/cargonetgroup.com\/#\/schema\/logo\/image\/","url":"https:\/\/cargonetgroup.com\/wp-content\/uploads\/2025\/12\/CargoNet-Logo-Fondo-azul-Logo-color.jpg","contentUrl":"https:\/\/cargonetgroup.com\/wp-content\/uploads\/2025\/12\/CargoNet-Logo-Fondo-azul-Logo-color.jpg","width":2251,"height":2251,"caption":"CargoNet Group"},"image":{"@id":"https:\/\/cargonetgroup.com\/#\/schema\/logo\/image\/"},"sameAs":["https:\/\/www.facebook.com\/cargonetgroup\/","https:\/\/www.instagram.com\/cargonetgroup\/","https:\/\/www.linkedin.com\/company\/cargo-net-group\/"]}]}},"_links":{"self":[{"href":"https:\/\/cargonetgroup.com\/pt\/wp-json\/wp\/v2\/pages\/410","targetHints":{"allow":["GET"]}}],"collection":[{"href":"https:\/\/cargonetgroup.com\/pt\/wp-json\/wp\/v2\/pages"}],"about":[{"href":"https:\/\/cargonetgroup.com\/pt\/wp-json\/wp\/v2\/types\/page"}],"author":[{"embeddable":true,"href":"https:\/\/cargonetgroup.com\/pt\/wp-json\/wp\/v2\/users\/1"}],"replies":[{"embeddable":true,"href":"https:\/\/cargonetgroup.com\/pt\/wp-json\/wp\/v2\/comments?post=410"}],"version-history":[{"count":35,"href":"https:\/\/cargonetgroup.com\/pt\/wp-json\/wp\/v2\/pages\/410\/revisions"}],"predecessor-version":[{"id":790,"href":"https:\/\/cargonetgroup.com\/pt\/wp-json\/wp\/v2\/pages\/410\/revisions\/790"}],"wp:attachment":[{"href":"https:\/\/cargonetgroup.com\/pt\/wp-json\/wp\/v2\/media?parent=410"}],"wp:term":[{"taxonomy":"dipi_cpt_category","embeddable":true,"href":"https:\/\/cargonetgroup.com\/pt\/wp-json\/wp\/v2\/dipi_cpt_category?post=410"}],"curies":[{"name":"wp","href":"https:\/\/api.w.org\/{rel}","templated":true}]}}